{"id":563,"date":"2022-10-16T23:49:24","date_gmt":"2022-10-16T21:49:24","guid":{"rendered":"https:\/\/atelierturut.com\/?post_type=product&#038;p=563"},"modified":"2025-10-08T23:20:11","modified_gmt":"2025-10-08T21:20:11","slug":"tib-gordon-anaglyphe","status":"publish","type":"product","link":"https:\/\/atelierturut.com\/?product=tib-gordon-anaglyphe","title":{"rendered":"FREAKS LOVE ROCK&rsquo;N ROLL"},"content":{"rendered":"","protected":false},"excerpt":{"rendered":"<p><span style=\"color: #c8c8c8;\">de <strong>Tib-Gordon<\/strong><\/span><\/p>\n<hr \/>\n<ul>\n<li><span style=\"color: #c8c8c8;\">S\u00e9rigraphie en anaglyphe, 70\/50 cm<\/span><\/li>\n<li><span style=\"color: #c8c8c8;\">2 passages : rouge + bleu<\/span><\/li>\n<li><span style=\"color: #c8c8c8;\">60 exemplaires sign\u00e9s et num\u00e9rot\u00e9s<\/span><\/li>\n<li><span style=\"color: #c8c8c8;\">Lunettes 3D fournies<\/span><\/li>\n<\/ul>\n<hr \/>\n<p><span style=\"color: #c8c8c8;\"><em>Affiche cr\u00e9\u00e9e par TIB-GORDON pour la sortie du quatri\u00e8me num\u00e9ro de la revue Freakshow Comix.<\/em><\/span><\/p>\n","protected":false},"featured_media":1509,"template":"","meta":[],"product_brand":[],"product_cat":[53,38],"product_tag":[],"class_list":{"0":"post-563","1":"product","2":"type-product","3":"status-publish","4":"has-post-thumbnail","6":"product_cat-autres-affiches","7":"product_cat-affiches-muses","9":"first","10":"instock","11":"shipping-taxable","12":"purchasable","13":"product-type-simple"},"_links":{"self":[{"href":"https:\/\/atelierturut.com\/index.php?rest_route=\/wp\/v2\/product\/563","targetHints":{"allow":["GET"]}}],"collection":[{"href":"https:\/\/atelierturut.com\/index.php?rest_route=\/wp\/v2\/product"}],"about":[{"href":"https:\/\/atelierturut.com\/index.php?rest_route=\/wp\/v2\/types\/product"}],"wp:featuredmedia":[{"embeddable":true,"href":"https:\/\/atelierturut.com\/index.php?rest_route=\/wp\/v2\/media\/1509"}],"wp:attachment":[{"href":"https:\/\/atelierturut.com\/index.php?rest_route=%2Fwp%2Fv2%2Fmedia&parent=563"}],"wp:term":[{"taxonomy":"product_brand","embeddable":true,"href":"https:\/\/atelierturut.com\/index.php?rest_route=%2Fwp%2Fv2%2Fproduct_brand&post=563"},{"taxonomy":"product_cat","embeddable":true,"href":"https:\/\/atelierturut.com\/index.php?rest_route=%2Fwp%2Fv2%2Fproduct_cat&post=563"},{"taxonomy":"product_tag","embeddable":true,"href":"https:\/\/atelierturut.com\/index.php?rest_route=%2Fwp%2Fv2%2Fproduct_tag&post=563"}],"curies":[{"name":"wp","href":"https:\/\/api.w.org\/{rel}","templated":true}]}}