{"id":37,"date":"2018-10-24T12:54:28","date_gmt":"2018-10-24T10:54:28","guid":{"rendered":"https:\/\/atelierturut.com\/?post_type=product&#038;p=37"},"modified":"2025-08-24T17:22:54","modified_gmt":"2025-08-24T15:22:54","slug":"ombres","status":"publish","type":"product","link":"https:\/\/atelierturut.com\/?product=ombres","title":{"rendered":"Ombres"},"content":{"rendered":"","protected":false},"excerpt":{"rendered":"<p><span style=\"color: #c8c8c2;\">de<strong> CLAUDE DESMEDT<\/strong><strong><br \/>\n<\/strong><\/span><\/p>\n<hr \/>\n<ul>\n<li><span style=\"color: #c8c8c2;\">80 pages, 10\/19 cm<\/span><\/li>\n<li><span style=\"color: #c8c8c2;\">Couverture quadrichromie, Munken Pure Rough 300<br \/>\n<\/span><\/li>\n<li><span style=\"color: #c8c8c2;\">Int\u00e9rieur noir et blanc, Munken Pure Rough 150 g<\/span><\/li>\n<li><span style=\"color: #c8c8c2;\">Reliure cousue, couverture souple avec rabats<\/span><\/li>\n<li><span style=\"color: #c8c8c2;\">ISBN 978-2-9534084-8-5<\/span><\/li>\n<\/ul>\n<hr \/>\n<p><em><span style=\"color: #c8c8c8;\"><strong>\u2212 Salut \u00e7a va ? C\u2019est comment encore ton pr\u00e9nom ?<br \/>\n<\/strong><\/span><\/em><em><span style=\"color: #c8c8c8;\"><strong>J\u2019ai bien fait de prendre cong\u00e9 cette apr\u00e8s-midi, il va faire beau !<br \/>\nIl faut en profiter. Il para\u00eet que demain il pleut ! Rappelle-moi ton pr\u00e9nom ?<\/strong><\/span><\/em><\/p>\n<p><span style=\"color: #c8c8c8;\"><strong>Second volume de la collection Plumes, \u00ab Ombres \u00bb est un recueil de trente-cinq textes et illustrations issus d\u2019une observation fine des dialogues du quotidien de nos contemporains, dans l\u2019esprit des br\u00e8ves de rue.<\/strong><\/span><\/p>\n<p><em><span style=\"color: #c8c8c8;\">Claude Desmedt est dessinateur et sc\u00e9nariste. Il est n\u00e9 en 1976 \u00e0 Ixelles, Belgique.<br \/>\nIl est cofondateur des \u00e9ditions L\u2019employ\u00e9 du Moi.<\/span><br \/>\n<\/em><\/p>\n","protected":false},"featured_media":1692,"template":"","meta":[],"product_brand":[],"product_cat":[17,50],"product_tag":[],"class_list":{"0":"post-37","1":"product","2":"type-product","3":"status-publish","4":"has-post-thumbnail","6":"product_cat-plumes","7":"product_cat-format-poche","8":"product_shipping_class-plumes","10":"first","11":"instock","12":"shipping-taxable","13":"purchasable","14":"product-type-simple"},"_links":{"self":[{"href":"https:\/\/atelierturut.com\/index.php?rest_route=\/wp\/v2\/product\/37","targetHints":{"allow":["GET"]}}],"collection":[{"href":"https:\/\/atelierturut.com\/index.php?rest_route=\/wp\/v2\/product"}],"about":[{"href":"https:\/\/atelierturut.com\/index.php?rest_route=\/wp\/v2\/types\/product"}],"wp:featuredmedia":[{"embeddable":true,"href":"https:\/\/atelierturut.com\/index.php?rest_route=\/wp\/v2\/media\/1692"}],"wp:attachment":[{"href":"https:\/\/atelierturut.com\/index.php?rest_route=%2Fwp%2Fv2%2Fmedia&parent=37"}],"wp:term":[{"taxonomy":"product_brand","embeddable":true,"href":"https:\/\/atelierturut.com\/index.php?rest_route=%2Fwp%2Fv2%2Fproduct_brand&post=37"},{"taxonomy":"product_cat","embeddable":true,"href":"https:\/\/atelierturut.com\/index.php?rest_route=%2Fwp%2Fv2%2Fproduct_cat&post=37"},{"taxonomy":"product_tag","embeddable":true,"href":"https:\/\/atelierturut.com\/index.php?rest_route=%2Fwp%2Fv2%2Fproduct_tag&post=37"}],"curies":[{"name":"wp","href":"https:\/\/api.w.org\/{rel}","templated":true}]}}