{"id":3287,"date":"2025-10-11T23:32:53","date_gmt":"2025-10-11T21:32:53","guid":{"rendered":"https:\/\/atelierturut.com\/?post_type=product&#038;p=3287"},"modified":"2025-10-17T11:52:58","modified_gmt":"2025-10-17T09:52:58","slug":"mirabilia-2-one-eyed","status":"publish","type":"product","link":"https:\/\/atelierturut.com\/?product=mirabilia-2-one-eyed","title":{"rendered":"MIRABILIA 2 (One-eyed)"},"content":{"rendered":"","protected":false},"excerpt":{"rendered":"<p><span style=\"color: #c8c8c8;\">de <strong>Laure Cal\u00e9<br \/>\n<\/strong><\/span><\/p>\n<hr \/>\n<ul>\n<li><span style=\"color: #c8c8c8;\">S\u00e9rigraphie monochrome, 40\/60 cm<\/span><\/li>\n<li><span style=\"color: #c8c8c8;\">1 passage noir sur papier 250 g<\/span><\/li>\n<li><span style=\"color: #c8c8c8;\">60 exemplaires sign\u00e9s et num\u00e9rot\u00e9s<br \/>\n<\/span><\/li>\n<\/ul>\n<hr \/>\n<p><span style=\"color: #c8c8c8;\">MIRABILIA est une s\u00e9rie de douze collages num\u00e9riques r\u00e9alis\u00e9s \u00e0 partir de gravures anciennes. Cette s\u00e9rie &#8211; imprim\u00e9e en s\u00e9rigraphie &#8211; est tir\u00e9e d&rsquo;un ensemble d&rsquo;images intitul\u00e9 \u00ab\u00a0Mutations Fabuleuses\u00a0\u00bb, repr\u00e9sentant les d\u00e9couvertes d&rsquo;un aventurier imaginaire du dix-neuvi\u00e8me si\u00e8cle. L&rsquo;ensemble de ce travail fait l&rsquo;objet d&rsquo;un projet d&rsquo;\u00e9dition qui sera publi\u00e9 sous la forme d&rsquo;un bestiaire fantastique.<\/span><\/p>\n","protected":false},"featured_media":3289,"template":"","meta":[],"product_brand":[],"product_cat":[38,46],"product_tag":[],"class_list":{"0":"post-3287","1":"product","2":"type-product","3":"status-publish","4":"has-post-thumbnail","6":"product_cat-affiches-muses","7":"product_cat-mutations-fabuleuses","9":"first","10":"instock","11":"shipping-taxable","12":"purchasable","13":"product-type-simple"},"_links":{"self":[{"href":"https:\/\/atelierturut.com\/index.php?rest_route=\/wp\/v2\/product\/3287","targetHints":{"allow":["GET"]}}],"collection":[{"href":"https:\/\/atelierturut.com\/index.php?rest_route=\/wp\/v2\/product"}],"about":[{"href":"https:\/\/atelierturut.com\/index.php?rest_route=\/wp\/v2\/types\/product"}],"wp:featuredmedia":[{"embeddable":true,"href":"https:\/\/atelierturut.com\/index.php?rest_route=\/wp\/v2\/media\/3289"}],"wp:attachment":[{"href":"https:\/\/atelierturut.com\/index.php?rest_route=%2Fwp%2Fv2%2Fmedia&parent=3287"}],"wp:term":[{"taxonomy":"product_brand","embeddable":true,"href":"https:\/\/atelierturut.com\/index.php?rest_route=%2Fwp%2Fv2%2Fproduct_brand&post=3287"},{"taxonomy":"product_cat","embeddable":true,"href":"https:\/\/atelierturut.com\/index.php?rest_route=%2Fwp%2Fv2%2Fproduct_cat&post=3287"},{"taxonomy":"product_tag","embeddable":true,"href":"https:\/\/atelierturut.com\/index.php?rest_route=%2Fwp%2Fv2%2Fproduct_tag&post=3287"}],"curies":[{"name":"wp","href":"https:\/\/api.w.org\/{rel}","templated":true}]}}