{"id":3248,"date":"2023-05-12T18:55:17","date_gmt":"2023-05-12T16:55:17","guid":{"rendered":"https:\/\/atelierturut.com\/?post_type=product&#038;p=3248"},"modified":"2026-04-01T17:20:20","modified_gmt":"2026-04-01T15:20:20","slug":"les-candidats","status":"publish","type":"product","link":"https:\/\/atelierturut.com\/?product=les-candidats","title":{"rendered":"LES CANDIDATS"},"content":{"rendered":"","protected":false},"excerpt":{"rendered":"<p><span style=\"color: #c8c8c8;\">de <strong>LAURE CAL\u00c9<br \/>\n<\/strong><\/span><\/p>\n<hr \/>\n<ul>\n<li><span style=\"color: #c8c8c8;\">S\u00e9rigraphie 5 couleurs, 50\/70 cm<\/span><\/li>\n<li><span style=\"color: #c8c8c8;\">40 exemplaires sign\u00e9s et num\u00e9rot\u00e9s<\/span><\/li>\n<\/ul>\n<hr \/>\n<p><span style=\"color: #c8c8c8;\"><em>Affiche de Laure Cal\u00e9 imprim\u00e9e \u00e0 l&rsquo;occasion de la sortie du livre LES CANDIDATS <a href=\"https:\/\/atelierturut.com\/?product=conographies-les-candidats\">&gt; voir &gt;<\/a><br \/>\n<\/em><\/span><\/p>\n","protected":false},"featured_media":3253,"template":"","meta":[],"product_brand":[],"product_cat":[53,38],"product_tag":[],"class_list":{"0":"post-3248","1":"product","2":"type-product","3":"status-publish","4":"has-post-thumbnail","6":"product_cat-autres-affiches","7":"product_cat-affiches-muses","9":"first","10":"instock","11":"shipping-taxable","12":"purchasable","13":"product-type-simple"},"_links":{"self":[{"href":"https:\/\/atelierturut.com\/index.php?rest_route=\/wp\/v2\/product\/3248","targetHints":{"allow":["GET"]}}],"collection":[{"href":"https:\/\/atelierturut.com\/index.php?rest_route=\/wp\/v2\/product"}],"about":[{"href":"https:\/\/atelierturut.com\/index.php?rest_route=\/wp\/v2\/types\/product"}],"wp:featuredmedia":[{"embeddable":true,"href":"https:\/\/atelierturut.com\/index.php?rest_route=\/wp\/v2\/media\/3253"}],"wp:attachment":[{"href":"https:\/\/atelierturut.com\/index.php?rest_route=%2Fwp%2Fv2%2Fmedia&parent=3248"}],"wp:term":[{"taxonomy":"product_brand","embeddable":true,"href":"https:\/\/atelierturut.com\/index.php?rest_route=%2Fwp%2Fv2%2Fproduct_brand&post=3248"},{"taxonomy":"product_cat","embeddable":true,"href":"https:\/\/atelierturut.com\/index.php?rest_route=%2Fwp%2Fv2%2Fproduct_cat&post=3248"},{"taxonomy":"product_tag","embeddable":true,"href":"https:\/\/atelierturut.com\/index.php?rest_route=%2Fwp%2Fv2%2Fproduct_tag&post=3248"}],"curies":[{"name":"wp","href":"https:\/\/api.w.org\/{rel}","templated":true}]}}