{"id":275,"date":"2019-10-14T16:49:24","date_gmt":"2019-10-14T14:49:24","guid":{"rendered":"https:\/\/atelierturut.com\/?post_type=product&#038;p=275"},"modified":"2025-09-12T18:31:26","modified_gmt":"2025-09-12T16:31:26","slug":"douces-rages","status":"publish","type":"product","link":"https:\/\/atelierturut.com\/?product=douces-rages","title":{"rendered":"Douces RAGES"},"content":{"rendered":"","protected":false},"excerpt":{"rendered":"<p><span style=\"color: #c8c8c2;\"><strong>PieR GAJEWSKI<br \/>\n<\/strong>Pr\u00e9face de Willem<\/span><\/p>\n<hr \/>\n<ul>\n<li><span style=\"color: #c8c8c2;\">144 pages, 19\/26 cm<\/span><\/li>\n<li><span style=\"color: #c8c8c2;\">Impression noir et blanc sur Offset 350g \/ 170g<\/span><\/li>\n<li><span style=\"color: #c8c8c2;\">Reliure cousue, couverture souple \u00e0 rabats<\/span><\/li>\n<li><span style=\"color: #c8c8c2;\">ISBN 978-2-9534084-4-7<\/span><\/li>\n<\/ul>\n<hr \/>\n<p><em><span style=\"color: #c8c8c8;\">Po\u00e8mes graphiques, bandes dessin\u00e9es ou recherches narratives, les histoires de ce recueil ont en commun l\u2019envie d\u2019exprimer un regard engag\u00e9 sur une soci\u00e9t\u00e9 \u00e0 la d\u00e9rive, par le choix d\u2019une iconographie expressionniste en noir et blanc sans compromis.<\/span><\/em><\/p>\n<p><span style=\"color: #c8c8c8;\">PieR GAJEWSKI est auteur de po\u00e8mes graphiques, illustrateur de presse et affichiste. Dipl\u00f4m\u00e9 de l\u2019\u00c9cole des Beaux-Arts d\u2019Angoul\u00eame, il a effectu\u00e9 plusieurs r\u00e9sidences d\u2019artistes telles que La Villa Kujoyama (Kyoto), la Lingua Comica (ASEF) ou encore la Maison des Auteurs (Angoul\u00eame). Il travaille pour la presse nationale (XXI, Transfuge, Bakchich) ou internationale (Nishinippon Shimbun).<\/span><\/p>\n","protected":false},"featured_media":1605,"template":"","meta":[],"product_brand":[],"product_cat":[18,48],"product_tag":[],"class_list":{"0":"post-275","1":"product","2":"type-product","3":"status-publish","4":"has-post-thumbnail","6":"product_cat-bulles","7":"product_cat-hors-serie","8":"product_shipping_class-bulles","10":"first","11":"instock","12":"shipping-taxable","13":"purchasable","14":"product-type-simple"},"_links":{"self":[{"href":"https:\/\/atelierturut.com\/index.php?rest_route=\/wp\/v2\/product\/275","targetHints":{"allow":["GET"]}}],"collection":[{"href":"https:\/\/atelierturut.com\/index.php?rest_route=\/wp\/v2\/product"}],"about":[{"href":"https:\/\/atelierturut.com\/index.php?rest_route=\/wp\/v2\/types\/product"}],"wp:featuredmedia":[{"embeddable":true,"href":"https:\/\/atelierturut.com\/index.php?rest_route=\/wp\/v2\/media\/1605"}],"wp:attachment":[{"href":"https:\/\/atelierturut.com\/index.php?rest_route=%2Fwp%2Fv2%2Fmedia&parent=275"}],"wp:term":[{"taxonomy":"product_brand","embeddable":true,"href":"https:\/\/atelierturut.com\/index.php?rest_route=%2Fwp%2Fv2%2Fproduct_brand&post=275"},{"taxonomy":"product_cat","embeddable":true,"href":"https:\/\/atelierturut.com\/index.php?rest_route=%2Fwp%2Fv2%2Fproduct_cat&post=275"},{"taxonomy":"product_tag","embeddable":true,"href":"https:\/\/atelierturut.com\/index.php?rest_route=%2Fwp%2Fv2%2Fproduct_tag&post=275"}],"curies":[{"name":"wp","href":"https:\/\/api.w.org\/{rel}","templated":true}]}}