{"id":273,"date":"2019-09-01T16:44:14","date_gmt":"2019-09-01T14:44:14","guid":{"rendered":"https:\/\/atelierturut.com\/?post_type=product&#038;p=273"},"modified":"2025-09-12T18:30:17","modified_gmt":"2025-09-12T16:30:17","slug":"colocamor","status":"publish","type":"product","link":"https:\/\/atelierturut.com\/?product=colocamor","title":{"rendered":"Colocamor"},"content":{"rendered":"","protected":false},"excerpt":{"rendered":"<p><span style=\"color: #c8c8c8;\"><strong>Auteur : AJAX<\/strong><\/span><\/p>\n<hr \/>\n<ul>\n<li><span style=\"color: #c8c8c8;\">64 pages, 17\/24 cm<\/span><\/li>\n<li><span style=\"color: #c8c8c8;\">Couverture en bichromie, Munken Lynx 300 g<\/span><\/li>\n<li><span style=\"color: #c8c8c8;\">Int\u00e9rieur noir et blanc,\u00a0 CM Beta 150 g<\/span><\/li>\n<li><span style=\"color: #c8c8c8;\">Reliure cousue, couverture souple avec rabats<\/span><\/li>\n<li><span style=\"color: #c8c8c8;\">ISBN 978-2-9534084-1-6<\/span><\/li>\n<\/ul>\n<hr \/>\n<p><span style=\"color: #c8c8c8;\"><em>Les aventures d\u2019une bande de dessinateurs d\u2019animation montpelli\u00e9rains d\u00e9barquant en Charente pour une production \u00e9clair et red\u00e9couvrant, \u00e0 l\u2019approche de la quarantaine, les joies de la colocation et de la vie en roue libre.<\/em><\/span><\/p>\n<p><span style=\"color: #c8c8c8;\">Loin de ce r\u00e9sum\u00e9 lapidaire et de l\u2019autobiographie dessin\u00e9e nombriliste, AJAX tire le portrait de la profession m\u00e9connue de dessinateur d\u2019animation et des gentils olibrius qui en ont fait leur gagne-pain, \u00e0 travers cette histoire inspir\u00e9e de sa propre exp\u00e9rience mais largement sublim\u00e9e par son regard. <\/span><br \/>\n<span style=\"color: #c8c8c8;\">Dessinateur et illustrateur, il a travaill\u00e9 de nombreuses ann\u00e9es dans le cin\u00e9ma d\u2019animation parall\u00e8lement \u00e0 son travail personnel en bande dessin\u00e9e, avant de se reconvertir dans les transports en commun. Apr\u00e8s avoir longtemps r\u00e9sid\u00e9 \u00e0 Montpellier, il vit actuellement \u00e0 Bordeaux. Il a notamment \u00e9t\u00e9 publi\u00e9 dans les revues Tr\u00e9pon\u00e8me bleu p\u00e2le, Sortez la chienne, Toc, A comme et la revue politique Z\u00e9ro, sur invitation de Willem.<\/span><\/p>\n","protected":false},"featured_media":1606,"template":"","meta":[],"product_brand":[],"product_cat":[18,48],"product_tag":[],"class_list":{"0":"post-273","1":"product","2":"type-product","3":"status-publish","4":"has-post-thumbnail","6":"product_cat-bulles","7":"product_cat-hors-serie","9":"first","10":"instock","11":"shipping-taxable","12":"purchasable","13":"product-type-simple"},"_links":{"self":[{"href":"https:\/\/atelierturut.com\/index.php?rest_route=\/wp\/v2\/product\/273","targetHints":{"allow":["GET"]}}],"collection":[{"href":"https:\/\/atelierturut.com\/index.php?rest_route=\/wp\/v2\/product"}],"about":[{"href":"https:\/\/atelierturut.com\/index.php?rest_route=\/wp\/v2\/types\/product"}],"wp:featuredmedia":[{"embeddable":true,"href":"https:\/\/atelierturut.com\/index.php?rest_route=\/wp\/v2\/media\/1606"}],"wp:attachment":[{"href":"https:\/\/atelierturut.com\/index.php?rest_route=%2Fwp%2Fv2%2Fmedia&parent=273"}],"wp:term":[{"taxonomy":"product_brand","embeddable":true,"href":"https:\/\/atelierturut.com\/index.php?rest_route=%2Fwp%2Fv2%2Fproduct_brand&post=273"},{"taxonomy":"product_cat","embeddable":true,"href":"https:\/\/atelierturut.com\/index.php?rest_route=%2Fwp%2Fv2%2Fproduct_cat&post=273"},{"taxonomy":"product_tag","embeddable":true,"href":"https:\/\/atelierturut.com\/index.php?rest_route=%2Fwp%2Fv2%2Fproduct_tag&post=273"}],"curies":[{"name":"wp","href":"https:\/\/api.w.org\/{rel}","templated":true}]}}