{"id":2309,"date":"2025-06-20T16:00:54","date_gmt":"2025-06-20T14:00:54","guid":{"rendered":"https:\/\/atelierturut.com\/?post_type=product&#038;p=2309"},"modified":"2025-10-17T11:49:16","modified_gmt":"2025-10-17T09:49:16","slug":"coffret-mimesis","status":"publish","type":"product","link":"https:\/\/atelierturut.com\/?product=coffret-mimesis","title":{"rendered":"COFFRET 12 MIMESIS"},"content":{"rendered":"","protected":false},"excerpt":{"rendered":"<p><span style=\"color: #c8c8c8;\">de <strong>Laure Cal\u00e9<br \/>\n<\/strong><\/span><\/p>\n<hr \/>\n<ul>\n<li><span style=\"color: #c8c8c8;\">12 s\u00e9rigraphies monochromes, 30\/40 cm<\/span><\/li>\n<li><span style=\"color: #c8c8c8;\">1 passage noir sur papier V\u00e9lin &#8211; Rivoli 250 g<\/span><\/li>\n<li><span style=\"color: #c8c8c8;\">exemplaires sign\u00e9s et num\u00e9rot\u00e9s au dos<\/span><\/li>\n<\/ul>\n<hr \/>\n<p><span style=\"color: #c8c8c8;\">\u00ab Mimesis \u00bb est une s\u00e9rie de douze collages num\u00e9riques r\u00e9alis\u00e9s \u00e0 partir de gravures anciennes. Cette s\u00e9rie imprim\u00e9e en s\u00e9rigraphie est tir\u00e9e d&rsquo;un projet plus vaste intitul\u00e9 \u00ab Mutations Fabuleuses \u00bb, qui regroupe une trentaine d&rsquo;images repr\u00e9sentant les d\u00e9couvertes d&rsquo;un aventurier imaginaire du dix-neuvi\u00e8me si\u00e8cle. L&rsquo;ensemble de ce travail est regroup\u00e9 dans un coffret au format 30&#215;40 cm. Il fait \u00e9galement l&rsquo;objet d&rsquo;un projet d&rsquo;\u00e9dition, sous la forme d&rsquo;un bestiaire fantastique accompagn\u00e9 d&rsquo;un r\u00e9cit.<\/span><\/p>\n","protected":false},"featured_media":3264,"template":"","meta":[],"product_brand":[],"product_cat":[38,46],"product_tag":[],"class_list":{"0":"post-2309","1":"product","2":"type-product","3":"status-publish","4":"has-post-thumbnail","6":"product_cat-affiches-muses","7":"product_cat-mutations-fabuleuses","9":"first","10":"instock","11":"shipping-taxable","12":"purchasable","13":"product-type-variable"},"_links":{"self":[{"href":"https:\/\/atelierturut.com\/index.php?rest_route=\/wp\/v2\/product\/2309","targetHints":{"allow":["GET"]}}],"collection":[{"href":"https:\/\/atelierturut.com\/index.php?rest_route=\/wp\/v2\/product"}],"about":[{"href":"https:\/\/atelierturut.com\/index.php?rest_route=\/wp\/v2\/types\/product"}],"wp:featuredmedia":[{"embeddable":true,"href":"https:\/\/atelierturut.com\/index.php?rest_route=\/wp\/v2\/media\/3264"}],"wp:attachment":[{"href":"https:\/\/atelierturut.com\/index.php?rest_route=%2Fwp%2Fv2%2Fmedia&parent=2309"}],"wp:term":[{"taxonomy":"product_brand","embeddable":true,"href":"https:\/\/atelierturut.com\/index.php?rest_route=%2Fwp%2Fv2%2Fproduct_brand&post=2309"},{"taxonomy":"product_cat","embeddable":true,"href":"https:\/\/atelierturut.com\/index.php?rest_route=%2Fwp%2Fv2%2Fproduct_cat&post=2309"},{"taxonomy":"product_tag","embeddable":true,"href":"https:\/\/atelierturut.com\/index.php?rest_route=%2Fwp%2Fv2%2Fproduct_tag&post=2309"}],"curies":[{"name":"wp","href":"https:\/\/api.w.org\/{rel}","templated":true}]}}