{"id":2160,"date":"2024-10-15T22:44:54","date_gmt":"2024-10-15T20:44:54","guid":{"rendered":"https:\/\/atelierturut.com\/?post_type=product&#038;p=2160"},"modified":"2025-10-02T16:17:16","modified_gmt":"2025-10-02T14:17:16","slug":"freakshow-comix-6","status":"publish","type":"product","link":"https:\/\/atelierturut.com\/?product=freakshow-comix-6","title":{"rendered":"Freakshow Comix #6"},"content":{"rendered":"","protected":false},"excerpt":{"rendered":"<p><span style=\"color: #c8c8c8;\"><strong>(R)EVOLUTION(S)<br \/>\n<\/strong>Couverture : Marko Dje\u0161ka<\/span><\/p>\n<hr \/>\n<ul>\n<li><span style=\"color: #c8c8c8;\">Collectif, 128 pages, 17\/24 cm<br \/>\n<\/span><\/li>\n<li><span style=\"color: #c8c8c8;\">Couverture en quadrichromie imprim\u00e9e sur Coral Book White 300g<\/span><\/li>\n<li><span style=\"color: #c8c8c8;\">Int\u00e9rieur noir et blanc imprim\u00e9 sur Munken Lynx Rough 150g<\/span><\/li>\n<li><span style=\"color: #c8c8c8;\">Reliure cousue, couverture souple \u00e0 rabats<br \/>\n<\/span><\/li>\n<li><span style=\"color: #c8c8c8;\">ISBN 978-2-9566555-0-3<br \/>\n<\/span><\/li>\n<\/ul>\n<hr \/>\n<p><span style=\"color: #c8c8c2;\"><strong>La couverture de ce sixi\u00e8me opus est sign\u00e9e Marko Dje\u0161ka. A<span lang=\"fr-FR\">uteur de BD, illustrateur, sc\u00e9nariste et r\u00e9alisateur, il est co-fondateur de l&rsquo;Adriatic Animation Studio pour la production d&rsquo;animation et l&rsquo;un des organisateurs du OHOHO Festival, bas\u00e9 \u00e0 Zagreb. Chaque ann\u00e9e, des dessinateurs venus d&rsquo;ex-Yougoslavie s&rsquo;y regroupent et un fanzine, OHOHOzin, est \u00e9dit\u00e9. Un petit groupe d&rsquo;auteurs publi\u00e9s dans OHOHOzin se sont joints \u00e0 ceux du Freakshow Comix dans ce sixi\u00e8me num\u00e9ro <\/span><span lang=\"fr-FR\">particuli\u00e8rement po\u00e9tique, ponctu\u00e9 par les affiches de Cobie Cobz et conclu en beaut\u00e9 par le graphisme d\u00e9brid\u00e9 de Jean-Jacques Tachdjian.<\/span><\/strong><\/span><\/p>\n<p><span style=\"color: #000000;\">.<\/span><\/p>\n<p><span style=\"color: #c8c8c8;\"><strong>AUTEURS #6<\/strong> : Yana Adamovic \/ Laure Cal\u00e9 \/ R\u00e9my Cattelain \/ Cobie \/ Marko Dje\u0161ka \/ Ivana Ge\u010dek \/ Jonathan Gowthorpe \/ Korin Hunjak \/ Joolz \/ Bernard Lacroix \/ Capucine Latrasse \/ Florent Mulot \/ Thibault P\u00e9trissans \/ Karla Skok \/ Guill\u00f4me Radi\u00f4m \/ Lisandru Ristorcelli \/ Marion Roger \/ Klara Rusan Klarxy \/ Jean-Jacques Tachdjian \/ Stipan Tadi\u0107 \/ Tib-Gordon \/ Lucie Thocaven \/ Mislav Toma\u0161injak \/ Tournebouluche.<\/span><\/p>\n","protected":false},"featured_media":2194,"template":"","meta":[],"product_brand":[],"product_cat":[18,47],"product_tag":[],"class_list":{"0":"post-2160","1":"product","2":"type-product","3":"status-publish","4":"has-post-thumbnail","6":"product_cat-bulles","7":"product_cat-freakshow-comix","8":"product_shipping_class-bulles","10":"first","11":"instock","12":"shipping-taxable","13":"purchasable","14":"product-type-simple"},"_links":{"self":[{"href":"https:\/\/atelierturut.com\/index.php?rest_route=\/wp\/v2\/product\/2160","targetHints":{"allow":["GET"]}}],"collection":[{"href":"https:\/\/atelierturut.com\/index.php?rest_route=\/wp\/v2\/product"}],"about":[{"href":"https:\/\/atelierturut.com\/index.php?rest_route=\/wp\/v2\/types\/product"}],"wp:featuredmedia":[{"embeddable":true,"href":"https:\/\/atelierturut.com\/index.php?rest_route=\/wp\/v2\/media\/2194"}],"wp:attachment":[{"href":"https:\/\/atelierturut.com\/index.php?rest_route=%2Fwp%2Fv2%2Fmedia&parent=2160"}],"wp:term":[{"taxonomy":"product_brand","embeddable":true,"href":"https:\/\/atelierturut.com\/index.php?rest_route=%2Fwp%2Fv2%2Fproduct_brand&post=2160"},{"taxonomy":"product_cat","embeddable":true,"href":"https:\/\/atelierturut.com\/index.php?rest_route=%2Fwp%2Fv2%2Fproduct_cat&post=2160"},{"taxonomy":"product_tag","embeddable":true,"href":"https:\/\/atelierturut.com\/index.php?rest_route=%2Fwp%2Fv2%2Fproduct_tag&post=2160"}],"curies":[{"name":"wp","href":"https:\/\/api.w.org\/{rel}","templated":true}]}}