{"id":199,"date":"2018-10-26T15:30:12","date_gmt":"2018-10-26T13:30:12","guid":{"rendered":"https:\/\/atelierturut.com\/?post_type=product&#038;p=199"},"modified":"2025-08-24T17:23:16","modified_gmt":"2025-08-24T15:23:16","slug":"reminiscence","status":"publish","type":"product","link":"https:\/\/atelierturut.com\/?product=reminiscence","title":{"rendered":"R\u00e9miniscence"},"content":{"rendered":"","protected":false},"excerpt":{"rendered":"<p><span style=\"color: #c8c8c2;\">de <strong>CORINE MORDIER-KANCEL<\/strong><strong><br \/>\n<\/strong><\/span><\/p>\n<hr \/>\n<ul>\n<li><span style=\"color: #c8c8c8;\"><em>\u00c0 para\u00eetre en 2025<\/em><\/span><\/li>\n<li><span style=\"color: #c8c8c8;\">80 pages, 10\/19 cm<\/span><\/li>\n<li><span style=\"color: #c8c8c2;\">Couverture imprim\u00e9e sur Gmund Act Green 270 g <\/span><\/li>\n<li><span style=\"color: #c8c8c8;\">Int\u00e9rieur en\u00a0 quadrichromie, V<\/span><span style=\"color: #c8c8c2;\"><span style=\"color: #c8c8c8;\">erg\u00e9 Riv<\/span>es 120 g<\/span><\/li>\n<li><span style=\"color: #c8c8c2;\">Reliure cousue, couverture souple avec rabats<\/span><\/li>\n<li><span style=\"color: #c8c8c2;\">ISBN 978-2-9566555-1-0<\/span><\/li>\n<\/ul>\n<hr \/>\n<div class=\"elementor-column elementor-col-25 elementor-top-column elementor-element elementor-element-f95179b\" data-id=\"f95179b\" data-element_type=\"column\">\n<div class=\"elementor-column-wrap elementor-element-populated\">\n<div class=\"elementor-widget-wrap\">\n<div class=\"elementor-element elementor-element-0751337 elementor-widget elementor-widget-text-editor\" data-id=\"0751337\" data-element_type=\"widget\" data-widget_type=\"text-editor.default\">\n<div class=\"elementor-widget-container\">\n<div class=\"elementor-text-editor elementor-clearfix\">\n<p><span style=\"color: #c8c8c8;\"><strong>Ce volume est celui de l\u2019enfance, une enfance tr\u00e8s vite abr\u00e9g\u00e9e par la douloureuse \u00e9ducation et l\u2019obligation sociale du travail. De la naissance sonnant comme une fin annonc\u00e9e \u00e0 la m\u00e9ditation de la jeune fille sur sa propre d\u00e9gradation, ce r\u00e9cit se d\u00e9ploie dans les s\u00e9v\u00e8res limites d\u2019une mise en page traduisant la contrainte inflig\u00e9e \u00e0 ce corps et \u00e0 cet esprit que d\u2019autres ont voulu modeler \u00e0 l\u2019image de la servitude.<br \/>\nAinsi \u00e0 l\u2019\u00e9vidente progression de l\u2019\u00e9crit s\u2019ajoute l\u2019imm\u00e9diate certitude du visuel. L\u2019espace clos de la page est balis\u00e9 de photographies offrant au lecteur un implicite prolongement qui n\u2019est pas m\u00e9taphore exotique ou symbole \u00e9trange, mais bien une po\u00e9tique r\u00e9miniscence.<br \/>\n<\/strong><br \/>\nCorine Mordier-Kancel est n\u00e9e en 1973 en Guadeloupe. Elle est dipl\u00f4m\u00e9e de l\u2019\u00c9cole des Beaux-Arts de Toulouse et professeure d&rsquo;arts plastiques en r\u00e9gion parisienne. Artiste pluridisciplinaire, elle con\u00e7oit et r\u00e9alise des livres d&rsquo;artiste m\u00ealant \u00e9criture, cr\u00e9ation graphique et photographie.<\/span><\/p>\n<\/div>\n<\/div>\n<\/div>\n<\/div>\n<\/div>\n<\/div>\n","protected":false},"featured_media":1746,"template":"","meta":[],"product_brand":[],"product_cat":[17,50],"product_tag":[],"class_list":{"0":"post-199","1":"product","2":"type-product","3":"status-publish","4":"has-post-thumbnail","6":"product_cat-plumes","7":"product_cat-format-poche","8":"product_shipping_class-plumes","10":"first","11":"instock","12":"shipping-taxable","13":"purchasable","14":"product-type-simple"},"_links":{"self":[{"href":"https:\/\/atelierturut.com\/index.php?rest_route=\/wp\/v2\/product\/199","targetHints":{"allow":["GET"]}}],"collection":[{"href":"https:\/\/atelierturut.com\/index.php?rest_route=\/wp\/v2\/product"}],"about":[{"href":"https:\/\/atelierturut.com\/index.php?rest_route=\/wp\/v2\/types\/product"}],"wp:featuredmedia":[{"embeddable":true,"href":"https:\/\/atelierturut.com\/index.php?rest_route=\/wp\/v2\/media\/1746"}],"wp:attachment":[{"href":"https:\/\/atelierturut.com\/index.php?rest_route=%2Fwp%2Fv2%2Fmedia&parent=199"}],"wp:term":[{"taxonomy":"product_brand","embeddable":true,"href":"https:\/\/atelierturut.com\/index.php?rest_route=%2Fwp%2Fv2%2Fproduct_brand&post=199"},{"taxonomy":"product_cat","embeddable":true,"href":"https:\/\/atelierturut.com\/index.php?rest_route=%2Fwp%2Fv2%2Fproduct_cat&post=199"},{"taxonomy":"product_tag","embeddable":true,"href":"https:\/\/atelierturut.com\/index.php?rest_route=%2Fwp%2Fv2%2Fproduct_tag&post=199"}],"curies":[{"name":"wp","href":"https:\/\/api.w.org\/{rel}","templated":true}]}}