{"id":57,"date":"2018-11-05T08:45:44","date_gmt":"2018-11-05T06:45:44","guid":{"rendered":"https:\/\/atelierturut.com\/?page_id=57"},"modified":"2023-03-10T11:09:59","modified_gmt":"2023-03-10T09:09:59","slug":"outlets","status":"publish","type":"page","link":"https:\/\/atelierturut.com\/?page_id=57","title":{"rendered":"points de vente"},"content":{"rendered":"\t\t<div data-elementor-type=\"wp-post\" data-elementor-id=\"57\" class=\"elementor elementor-57\">\n\t\t\t\t\t\t<section class=\"elementor-section elementor-top-section elementor-element elementor-element-adb44ae elementor-section-boxed elementor-section-height-default elementor-section-height-default\" data-id=\"adb44ae\" data-element_type=\"section\">\n\t\t\t\t\t\t<div class=\"elementor-container elementor-column-gap-default\">\n\t\t\t\t\t<div class=\"elementor-column elementor-col-33 elementor-top-column elementor-element elementor-element-7732eb4\" data-id=\"7732eb4\" data-element_type=\"column\">\n\t\t\t<div class=\"elementor-widget-wrap elementor-element-populated\">\n\t\t\t\t\t\t<div class=\"elementor-element elementor-element-a6e51f5 elementor-widget elementor-widget-text-editor\" data-id=\"a6e51f5\" data-element_type=\"widget\" data-widget_type=\"text-editor.default\">\n\t\t\t\t<div class=\"elementor-widget-container\">\n\t\t\t\t\t\t\t\t\t<p><span style=\"color: #c8c8c8;\"><strong>BORDEAUX<\/strong><\/span><br \/><span style=\"color: #c8c8c8;\">LA MAUVAISE R\u00c9PUTATION \u2013 19, rue des Argentiers<\/span><br \/><span style=\"color: #c8c8c8;\">TOTAL HEAVEN \u2013 6, rue de Candale<\/span><br \/><span style=\"color: #c8c8c8;\">N\u2019A QU\u20191 \u0152IL \u2013 19, rue Bouqui\u00e8re<\/span><br \/><span style=\"color: #c8c8c8;\">LIBRAIRIE OLYMPIQUE \u2013 23, rue Rode<\/span><br \/><span style=\"color: #c8c8c8;\">BD FUGUE \u2013 10, rue de la Merci<\/span><br \/><span style=\"color: #c8c8c8;\">DBD \u2013 62, rue du Loup<\/span><br \/><span style=\"color: #c8c8c8;\">MOLLAT \u2013 15, rue Vital Carles<\/span><\/p><p><span style=\"color: #c8c8c8;\"><strong>BIARRITZ <\/strong><\/span><br \/><span style=\"color: #c8c8c8;\">LE FESTIN NU \u2013 25, Avenue du Mar\u00e9chal Foch<\/span><\/p><p><span style=\"color: #c8c8c8;\"><strong>CAMARET-SUR-MER<br \/><\/strong>LA TERRIBLE &#8211; Place Charles De Gaulle<br \/>LIBRAIRIE INVISIBLE &#8211; Librairie itin\u00e9rante<\/span><\/p><p><span style=\"color: #c8c8c8;\"><strong>CLERMONT-FERRAND<\/strong><\/span><br \/><span style=\"color: #c8c8c8;\">ESPRIT BD \u2013 29, rue Saint-Esprit<\/span><\/p><p><span style=\"color: #c8c8c8;\"><strong>CREST<\/strong><\/span><br \/><span style=\"color: #c8c8c8;\">LA BALAN\u00c7OIRE \u2013 6, rue du G\u00e9n\u00e9ral Berlier<\/span><\/p><p><span style=\"color: #c8c8c8;\"><strong>\u00c9PINAL<\/strong><\/span><br \/><span style=\"color: #c8c8c8;\">AU MOULIN DES LETTRES \u2013 50, quai des Bons Enfants<\/span><\/p><p><span style=\"color: #c8c8c8;\"><strong>EYMOUTIERS<\/strong><\/span><br \/><span style=\"color: #c8c8c8;\">LIBRAIRIE-GALERIE PASSE-TEMPS \u2013 8, avenue de la Paix<\/span><\/p><p><span style=\"color: #c8c8c8;\"><strong>GAP<\/strong><\/span><br \/><span style=\"color: #c8c8c8;\">LA LOUPIOTE \u2013 26, rue Jean Eymar<\/span><\/p><p><span style=\"color: #c8c8c8;\"><strong>GRENOBLE<\/strong><\/span><br \/><span style=\"color: #c8c8c8;\">LES MODERNES \u2013 6, rue Lakanal<\/span><\/p>\t\t\t\t\t\t\t\t<\/div>\n\t\t\t\t<\/div>\n\t\t\t\t\t<\/div>\n\t\t<\/div>\n\t\t\t\t<div class=\"elementor-column elementor-col-33 elementor-top-column elementor-element elementor-element-d3e736f\" data-id=\"d3e736f\" data-element_type=\"column\">\n\t\t\t<div class=\"elementor-widget-wrap elementor-element-populated\">\n\t\t\t\t\t\t<div class=\"elementor-element elementor-element-f7e6c30 elementor-widget elementor-widget-text-editor\" data-id=\"f7e6c30\" data-element_type=\"widget\" data-widget_type=\"text-editor.default\">\n\t\t\t\t<div class=\"elementor-widget-container\">\n\t\t\t\t\t\t\t\t\t<p><span style=\"color: #c8c8c8;\"><strong>LYON<br \/><\/strong>LE LIVRE EN PENTE \u2013 18, rue des Pierres Plant\u00e9es<br \/>LIBRAIRIE EXP\u00c9RIENCE \u2013 5, place Antonin Poncet<br \/><strong><br \/>MARIGNY<br \/><\/strong>LA LIBRICYCLETTE \u2013 5, Les Guilleminots<\/span><\/p><p><span style=\"color: #c8c8c8;\"><strong>MONTPELLIER<\/strong><\/span><br \/><span style=\"color: #c8c8c8;\">EN TRAITS LIBRES \u2013 2, rue du Bayle<\/span><\/p><p><span style=\"color: #c8c8c8;\"><strong>NANCY<\/strong><\/span><br \/><span style=\"color: #c8c8c8;\">LA PARENTH\u00c8SE \u2013 19, cour des Arts<\/span><\/p><p><span style=\"color: #c8c8c8;\"><strong>NANTES<\/strong><\/span><br \/><span style=\"color: #c8c8c8;\">LE LIEU UNIQUE \u2013 2, rue de la Biscuiterie<\/span><\/p><p><span style=\"color: #c8c8c8;\"><strong>PARIS<\/strong><\/span><br \/><span style=\"color: #c8c8c8;\">LE MONTE EN L\u2019AIR \u2013 75, rue de la Mare<br \/><br \/><strong>ROMANS-SUR-IS\u00c8RE<\/strong><br \/>LA MANUFACTURE \u2013 Place du Pont<br \/><\/span><\/p><p><span style=\"color: #c8c8c8;\"><strong>S\u00c8TE<\/strong><\/span><br \/><span style=\"color: #c8c8c8;\">NOUVELLE LIBRAIRIE S\u00c9TOISE \u2013 7, rue Alsace-Lorraine<\/span><\/p><p><span style=\"color: #c8c8c8;\"><strong>TOULOUSE<\/strong><\/span><br \/><span style=\"color: #c8c8c8;\">TERRES DE L\u00c9GENDES \u2013 44, rue Gambetta<\/span><br \/><span style=\"color: #c8c8c8;\">OMBRES BLANCHES \u2013 48\/50, rue Gambetta<\/span><br \/><span style=\"color: #c8c8c8;\">B\u00c9D\u00c9CIN\u00c9 \u2013 7, rue Romigui\u00e8res<\/span><br \/><span style=\"color: #c8c8c8;\">FLOURY FR\u00c8RES \u2013 36, rue de la Colombette<\/span><\/p><p><span style=\"color: #c8c8c8;\"><strong>VALENCE<\/strong><\/span><br \/><span style=\"color: #c8c8c8;\">LA LICORNE \u2013 12, place des Clercs<\/span><\/p>\t\t\t\t\t\t\t\t<\/div>\n\t\t\t\t<\/div>\n\t\t\t\t\t<\/div>\n\t\t<\/div>\n\t\t\t\t<div class=\"elementor-column elementor-col-33 elementor-top-column elementor-element elementor-element-ff99940\" data-id=\"ff99940\" data-element_type=\"column\">\n\t\t\t<div class=\"elementor-widget-wrap elementor-element-populated\">\n\t\t\t\t\t\t<div class=\"elementor-element elementor-element-2eab0d2 elementor-widget elementor-widget-text-editor\" data-id=\"2eab0d2\" data-element_type=\"widget\" data-widget_type=\"text-editor.default\">\n\t\t\t\t<div class=\"elementor-widget-container\">\n\t\t\t\t\t\t\t\t\t<p><span style=\"color: #c8c8c8;\"><strong>VITRY-SUR-SEINE<br \/><\/strong>LE TOME \u2013 47, avenue Guy M\u00f4quet<br \/><br \/>. . . . . . . . . . . . . . . . . . . . . . . . . . . . . . . . . . . . . . . . . . . . . . <strong><br \/><br \/>BRUXELLES<\/strong><\/span><br \/><span style=\"color: #c8c8c8;\">MULTI BD \u2013 124, boulevard Anspach<\/span><\/p><p><span style=\"color: #c8c8c8;\"><strong>LI\u00c8GE<\/strong><\/span><br \/><span style=\"color: #c8c8c8;\">LIVRE AUX TR\u00c9SORS &#8211; Place Xavier-Neujean 27\/A<\/span><\/p><p><span style=\"color: #c8c8c8;\">. . . . . . . . . . . . . . . . . . . . . . . . . . . . . . . . . . . . . . . . . . . . . . <br \/><\/span><\/p><p><span style=\"color: #c8c8c8;\"><strong>GEN\u00c8VE<\/strong><\/span><br \/><span style=\"color: #c8c8c8;\">PAPIERS GRAS &#8211; place de l\u2019Ile 1<\/span><\/p><p><span style=\"color: #c8c8c8;\"><strong>LAUSANNE<\/strong><\/span><br \/><span style=\"color: #c8c8c8;\">HUMUS &#8211; rue des Terreaux 18 bis<br \/>EX-NIHILO \u2013 avenue William-Fraisse 6<br \/><\/span><\/p>\t\t\t\t\t\t\t\t<\/div>\n\t\t\t\t<\/div>\n\t\t\t\t\t<\/div>\n\t\t<\/div>\n\t\t\t\t\t<\/div>\n\t\t<\/section>\n\t\t\t\t<section class=\"elementor-section elementor-top-section elementor-element elementor-element-072439b elementor-section-boxed elementor-section-height-default elementor-section-height-default\" data-id=\"072439b\" data-element_type=\"section\">\n\t\t\t\t\t\t<div class=\"elementor-container elementor-column-gap-default\">\n\t\t\t\t\t<div class=\"elementor-column elementor-col-100 elementor-top-column elementor-element elementor-element-83332dd\" data-id=\"83332dd\" data-element_type=\"column\">\n\t\t\t<div class=\"elementor-widget-wrap\">\n\t\t\t\t\t\t\t<\/div>\n\t\t<\/div>\n\t\t\t\t\t<\/div>\n\t\t<\/section>\n\t\t\t\t<\/div>\n\t\t","protected":false},"excerpt":{"rendered":"<p>BORDEAUXLA MAUVAISE R\u00c9PUTATION \u2013 19, rue des ArgentiersTOTAL HEAVEN \u2013 6, rue de CandaleN\u2019A QU\u20191 \u0152IL \u2013 19, rue Bouqui\u00e8reLIBRAIRIE OLYMPIQUE \u2013 23, rue RodeBD FUGUE \u2013 10, rue de la MerciDBD \u2013 62, rue du LoupMOLLAT \u2013 15, rue Vital Carles BIARRITZ LE FESTIN NU \u2013 25, Avenue du Mar\u00e9chal Foch CAMARET-SUR-MERLA TERRIBLE &#8211; Place Charles De GaulleLIBRAIRIE INVISIBLE &#8211; Librairie itin\u00e9rante CLERMONT-FERRANDESPRIT BD \u2013 29, rue Saint-Esprit CRESTLA BALAN\u00c7OIRE \u2013 6, rue du&hellip;<\/p>\n","protected":false},"author":2,"featured_media":0,"parent":0,"menu_order":5,"comment_status":"closed","ping_status":"closed","template":"","meta":{"footnotes":""},"class_list":["post-57","page","type-page","status-publish","hentry"],"_links":{"self":[{"href":"https:\/\/atelierturut.com\/index.php?rest_route=\/wp\/v2\/pages\/57","targetHints":{"allow":["GET"]}}],"collection":[{"href":"https:\/\/atelierturut.com\/index.php?rest_route=\/wp\/v2\/pages"}],"about":[{"href":"https:\/\/atelierturut.com\/index.php?rest_route=\/wp\/v2\/types\/page"}],"author":[{"embeddable":true,"href":"https:\/\/atelierturut.com\/index.php?rest_route=\/wp\/v2\/users\/2"}],"replies":[{"embeddable":true,"href":"https:\/\/atelierturut.com\/index.php?rest_route=%2Fwp%2Fv2%2Fcomments&post=57"}],"version-history":[{"count":10,"href":"https:\/\/atelierturut.com\/index.php?rest_route=\/wp\/v2\/pages\/57\/revisions"}],"predecessor-version":[{"id":2184,"href":"https:\/\/atelierturut.com\/index.php?rest_route=\/wp\/v2\/pages\/57\/revisions\/2184"}],"wp:attachment":[{"href":"https:\/\/atelierturut.com\/index.php?rest_route=%2Fwp%2Fv2%2Fmedia&parent=57"}],"curies":[{"name":"wp","href":"https:\/\/api.w.org\/{rel}","templated":true}]}}